{"id":4605,"date":"2023-10-20T21:33:50","date_gmt":"2023-10-21T02:33:53","guid":{"rendered":"https:\/\/jmc.pe\/camiones\/?page_id=4605"},"modified":"2026-01-19T10:10:04","modified_gmt":"2026-01-19T15:10:04","slug":"m35","status":"publish","type":"page","link":"https:\/\/jmc.pe\/camiones\/modelos\/m35\/","title":{"rendered":"Carrying Plus M35"},"content":{"rendered":"","protected":false},"excerpt":{"rendered":"","protected":false},"author":3,"featured_media":4628,"parent":1696,"menu_order":0,"comment_status":"closed","ping_status":"closed","template":"page-templates\/modelo-detalle-auto.php","meta":{"_acf_changed":false,"inline_featured_image":false,"footnotes":""},"class_list":["post-4605","page","type-page","status-publish","has-post-thumbnail","hentry"],"acf":[],"yoast_head":"<!-- This site is optimized with the Yoast SEO Premium plugin v20.6 (Yoast SEO v26.2) - https:\/\/yoast.com\/wordpress\/plugins\/seo\/ -->\n<title>Venta a buen precio cami\u00f3n Carrying Plus M35 | JMC Per\u00fa<\/title>\n<meta name=\"description\" content=\"Descubre el dise\u00f1o, su capacidad y resistencia para el transporte de carga pesada del cami\u00f3n Carrying Plus M35. \u00a1Cotiza hoy para conocer su precio!\" \/>\n<meta name=\"robots\" content=\"index, follow, max-snippet:-1, max-image-preview:large, max-video-preview:-1\" \/>\n<link rel=\"canonical\" href=\"https:\/\/jmc.pe\/camiones\/modelos\/m35\/\" \/>\n<meta property=\"og:locale\" content=\"es_ES\" \/>\n<meta property=\"og:type\" content=\"article\" \/>\n<meta property=\"og:title\" content=\"Carrying Plus M35\" \/>\n<meta property=\"og:description\" content=\"Descubre el dise\u00f1o, su capacidad y resistencia para el transporte de carga pesada del cami\u00f3n Carrying Plus M35. \u00a1Cotiza hoy para conocer su precio!\" \/>\n<meta property=\"og:url\" content=\"https:\/\/jmc.pe\/camiones\/modelos\/m35\/\" \/>\n<meta property=\"og:site_name\" content=\"JMC Per\u00fa\" \/>\n<meta property=\"article:publisher\" content=\"https:\/\/www.facebook.com\/JMCPeruOficial\/\" \/>\n<meta property=\"article:modified_time\" content=\"2026-01-19T15:10:04+00:00\" \/>\n<meta property=\"og:image\" content=\"https:\/\/jmc.pe\/camiones\/wp-content\/uploads\/2023\/10\/m200_der-1.png\" \/>\n\t<meta property=\"og:image:width\" content=\"580\" \/>\n\t<meta property=\"og:image:height\" content=\"330\" \/>\n\t<meta property=\"og:image:type\" content=\"image\/png\" \/>\n<meta name=\"twitter:card\" content=\"summary_large_image\" \/>\n<meta name=\"twitter:label1\" content=\"Tiempo de lectura\" \/>\n\t<meta name=\"twitter:data1\" content=\"1 minuto\" \/>\n<!-- \/ Yoast SEO Premium plugin. -->","yoast_head_json":{"title":"Venta a buen precio cami\u00f3n Carrying Plus M35 | JMC Per\u00fa","description":"Descubre el dise\u00f1o, su capacidad y resistencia para el transporte de carga pesada del cami\u00f3n Carrying Plus M35. \u00a1Cotiza hoy para conocer su precio!","robots":{"index":"index","follow":"follow","max-snippet":"max-snippet:-1","max-image-preview":"max-image-preview:large","max-video-preview":"max-video-preview:-1"},"canonical":"https:\/\/jmc.pe\/camiones\/modelos\/m35\/","og_locale":"es_ES","og_type":"article","og_title":"Carrying Plus M35","og_description":"Descubre el dise\u00f1o, su capacidad y resistencia para el transporte de carga pesada del cami\u00f3n Carrying Plus M35. \u00a1Cotiza hoy para conocer su precio!","og_url":"https:\/\/jmc.pe\/camiones\/modelos\/m35\/","og_site_name":"JMC Per\u00fa","article_publisher":"https:\/\/www.facebook.com\/JMCPeruOficial\/","article_modified_time":"2026-01-19T15:10:04+00:00","og_image":[{"width":580,"height":330,"url":"https:\/\/jmc.pe\/camiones\/wp-content\/uploads\/2023\/10\/m200_der-1.png","type":"image\/png"}],"twitter_card":"summary_large_image","twitter_misc":{"Tiempo de lectura":"1 minuto"},"schema":{"@context":"https:\/\/schema.org","@graph":[{"@type":"WebPage","@id":"https:\/\/jmc.pe\/camiones\/modelos\/m35\/","url":"https:\/\/jmc.pe\/camiones\/modelos\/m35\/","name":"Venta a buen precio cami\u00f3n Carrying Plus M35 | JMC Per\u00fa","isPartOf":{"@id":"https:\/\/jmc.pe\/camiones\/#website"},"primaryImageOfPage":{"@id":"https:\/\/jmc.pe\/camiones\/modelos\/m35\/#primaryimage"},"image":{"@id":"https:\/\/jmc.pe\/camiones\/modelos\/m35\/#primaryimage"},"thumbnailUrl":"https:\/\/jmc.pe\/camiones\/wp-content\/uploads\/2023\/10\/m200_der-1.png","datePublished":"2023-10-21T02:33:53+00:00","dateModified":"2026-01-19T15:10:04+00:00","description":"Descubre el dise\u00f1o, su capacidad y resistencia para el transporte de carga pesada del cami\u00f3n Carrying Plus M35. \u00a1Cotiza hoy para conocer su precio!","breadcrumb":{"@id":"https:\/\/jmc.pe\/camiones\/modelos\/m35\/#breadcrumb"},"inLanguage":"es","potentialAction":[{"@type":"ReadAction","target":["https:\/\/jmc.pe\/camiones\/modelos\/m35\/"]}]},{"@type":"ImageObject","inLanguage":"es","@id":"https:\/\/jmc.pe\/camiones\/modelos\/m35\/#primaryimage","url":"https:\/\/jmc.pe\/camiones\/wp-content\/uploads\/2023\/10\/m200_der-1.png","contentUrl":"https:\/\/jmc.pe\/camiones\/wp-content\/uploads\/2023\/10\/m200_der-1.png","width":580,"height":330},{"@type":"BreadcrumbList","@id":"https:\/\/jmc.pe\/camiones\/modelos\/m35\/#breadcrumb","itemListElement":[{"@type":"ListItem","position":1,"name":"Portada","item":"https:\/\/jmc.pe\/camiones\/"},{"@type":"ListItem","position":2,"name":"Modelos","item":"https:\/\/jmc.pe\/camiones\/modelos\/"},{"@type":"ListItem","position":3,"name":"Carrying Plus M35"}]},{"@type":"WebSite","@id":"https:\/\/jmc.pe\/camiones\/#website","url":"https:\/\/jmc.pe\/camiones\/","name":"JMC Per\u00fa | Camiones","description":"El mejor aliado para tu negocio de transporte.","potentialAction":[{"@type":"SearchAction","target":{"@type":"EntryPoint","urlTemplate":"https:\/\/jmc.pe\/camiones\/?s={search_term_string}"},"query-input":{"@type":"PropertyValueSpecification","valueRequired":true,"valueName":"search_term_string"}}],"inLanguage":"es"}]}},"_links":{"self":[{"href":"https:\/\/jmc.pe\/camiones\/wp-json\/wp\/v2\/pages\/4605","targetHints":{"allow":["GET"]}}],"collection":[{"href":"https:\/\/jmc.pe\/camiones\/wp-json\/wp\/v2\/pages"}],"about":[{"href":"https:\/\/jmc.pe\/camiones\/wp-json\/wp\/v2\/types\/page"}],"author":[{"embeddable":true,"href":"https:\/\/jmc.pe\/camiones\/wp-json\/wp\/v2\/users\/3"}],"replies":[{"embeddable":true,"href":"https:\/\/jmc.pe\/camiones\/wp-json\/wp\/v2\/comments?post=4605"}],"version-history":[{"count":49,"href":"https:\/\/jmc.pe\/camiones\/wp-json\/wp\/v2\/pages\/4605\/revisions"}],"predecessor-version":[{"id":9970,"href":"https:\/\/jmc.pe\/camiones\/wp-json\/wp\/v2\/pages\/4605\/revisions\/9970"}],"up":[{"embeddable":true,"href":"https:\/\/jmc.pe\/camiones\/wp-json\/wp\/v2\/pages\/1696"}],"wp:featuredmedia":[{"embeddable":true,"href":"https:\/\/jmc.pe\/camiones\/wp-json\/wp\/v2\/media\/4628"}],"wp:attachment":[{"href":"https:\/\/jmc.pe\/camiones\/wp-json\/wp\/v2\/media?parent=4605"}],"curies":[{"name":"wp","href":"https:\/\/api.w.org\/{rel}","templated":true}]}}