{"id":4478,"date":"2023-04-04T12:47:45","date_gmt":"2023-04-04T17:47:45","guid":{"rendered":"https:\/\/jmc.pe\/camiones\/?page_id=4478"},"modified":"2026-02-13T11:09:39","modified_gmt":"2026-02-13T16:09:39","slug":"politicas-de-privacidad","status":"publish","type":"page","link":"https:\/\/jmc.pe\/camiones\/politicas-de-privacidad\/","title":{"rendered":"Pol\u00edticas de Privacidad"},"content":{"rendered":"<h1 class=\"text-center\">ASPECTOS LEGALES Y POLITICAS DE PRIVACIDAD<\/h1>\n<p>Este sitio web ha sido creado por Motormundo SAC (en adelante Motormundo) con car\u00e1cter informativo y para uso personal. Accediendo a este sitio web y a la informaci\u00f3n que en \u00e9l se presenta el usuario acepta las siguientes cl\u00e1usulas que a continuaci\u00f3n se indican y que definen los t\u00e9rminos, condiciones y pol\u00edtica de privacidad del presente sitio web y de todas sus funcionalidades, contenidos e informaci\u00f3n que en \u00e9l aparecen.<\/p>\n<p><strong>Aspectos generales<\/strong><\/p>\n<p>El acceso a este sitio web y a sus funcionalidades es responsabilidad exclusiva de los usuarios. El simple acceso a este sitio web no supone entablar ning\u00fan tipo de relaci\u00f3n de car\u00e1cter comercial entre Motormundo y el usuario. El acceso y navegaci\u00f3n en este sitio web supone aceptar y conocer las advertencias legales, condiciones y t\u00e9rminos de uso contenidas en ella. La informaci\u00f3n que aparece en este sitio web es la vigente en la fecha de su \u00faltima actualizaci\u00f3n. Por regla general, el sitio web es solamente informativo, y las relaciones contractuales que deriven de la informaci\u00f3n que recibe el usuario requerir\u00e1n de su confirmaci\u00f3n por escrito por parte de Motormundo, todo ello de conformidad con la Ley de Protecci\u00f3n de Datos Personales (Ley N\u00ba 29733).<\/p>\n<p><strong>Modificaci\u00f3n de la informaci\u00f3n<\/strong><\/p>\n<p>Motormundo se reserva la facultad y el derecho de actualizar, modificar o eliminar contenido o informaci\u00f3n de este sitio web que estime conveniente, en parte o en su totalidad, pudiendo hacer uso de tal facultad en cualquier momento y sin previo aviso. Este derecho abarca los contenidos referidos a disponibilidad de modelos, colores, especificaciones, precio, disponibilidad de productos o servicios, equipamiento o en cuanto a las funcionalidades del sitio o de la informaci\u00f3n de actividades promocionales.<\/p>\n<p>Motormundo se reserva la facultad de modificar unilateralmente las condiciones y t\u00e9rminos de uso de este sitio web. La entrada en vigor de las modificaciones de las condiciones de uso se producir\u00e1 desde el momento de su publicaci\u00f3n en este sitio web.<\/p>\n<p><strong>Contenidos<\/strong><\/p>\n<p>Los datos t\u00e9cnicos y de equipamiento de los veh\u00edculos est\u00e1n sujetos a permanentes modificaciones. Aunque se trata de mantener los contenidos actualizados, las fichas t\u00e9cnicas o cualquier contenido referido a los equipamientos o accesorios que se incluyen en esta p\u00e1gina Web no deber\u00e1n considerarse como gu\u00eda exacta de las especificaciones de un veh\u00edculo determinado, dichos equipamientos o accesorios ser\u00e1n referenciales. Para mayor informaci\u00f3n, deber\u00e1 dirigirse a la red de venta autorizada donde le informar\u00e1n sobre los equipamientos y especificaciones exactas de los modelos disponibles.<\/p>\n<p>Motormundo se reserva el derecho de modificar las especificaciones, precios, colores y equipamientos de sus veh\u00edculos sin previo aviso, seg\u00fan el stock disponible.<\/p>\n<p>Los colores de los veh\u00edculos que se muestran en esta p\u00e1gina Web son referenciales e intentan dar una idea aproximada de la gama disponibles. Los colores disponibles al momento de compra pueden ser distintos a los que se muestran en esta p\u00e1gina Web ya que ellos dependen del stock disponible al momento de la compra. Por ello, estos pueden variar sin previo aviso.<\/p>\n<p>Este sitio contiene informaci\u00f3n relativa a los productos y los servicios, las actividades que Motormundo realiza, a las actividades promocionales vigentes con sus respectivas fechas de inicio y caducidad, y contenidos propios de las \u00e1reas de Servicio T\u00e9cnico, Repuestos y a otras actividades que le son propia en su gesti\u00f3n comercial.<\/p>\n<p>Algunas im\u00e1genes que se incluyen en este sitio, ya sean fotograf\u00edas o videos, pueden no corresponder con exactitud a las versiones o equipamientos de modelos importados por Motormundo. Ellas son solo de car\u00e1cter ilustrativos o referenciales y no implican obligatoriedad para Motormundo de disponer de estos modelos ni podr\u00e1n ser exigidas por los usuarios del sitio web.<\/p>\n<p>Los productos y servicios, las funcionalidades y las promociones que Motormundo describen en este sitio web est\u00e1n ofrecidos \u00fanicamente para el territorio nacional y solamente podr\u00e1n entregarla a trav\u00e9s de la amplia Red de puntos de ventas propios o de concesionarios autorizados.<\/p>\n<p>Manasa realiza los m\u00e1ximos esfuerzos para evitar cualquier error en los contenidos que pudieran aparecer en este sitio Web.<\/p>\n<p>En caso de discrepancia entre la versi\u00f3n impresa de los materiales (folleter\u00eda, cat\u00e1logo o cualquier otro documento) y la publicada en el sitio Web, prevalecer\u00e1 la versi\u00f3n impresa, salvo lo establecido respecto a erratas y actualizaciones.<\/p>\n<p>Las informaciones, contenidos y datos de cualquier especie que est\u00e9n incluidos en \u00e9ste sitio Web se revisan antes de su publicaci\u00f3n; sin embargo, no es posible garantizar que se encuentren absolutamente libres de erratas, errores mecanogr\u00e1ficos, defectos de composici\u00f3n y problemas equivalentes, por lo que Motormundo recomienda a los usuarios que est\u00e9n atentos a las posibles actualizaciones o rectificaciones que el sitio Web incorpore, que confirmen los datos que resulten de inter\u00e9s esencial para ellos a trav\u00e9s de los cauces de comunicaci\u00f3n personal, telef\u00f3nica o por fax que se proporcionan en este mismo sitio y en los medios de comunicaci\u00f3n y que en ning\u00fan caso adopten decisiones basadas \u00fanica o especialmente en la informaci\u00f3n del sitio web.<\/p>\n<p>Errores tipogr\u00e1ficos: Todos las actividades promocionales publicados por Motormundo en cualquier soporte publicitario, propio o de terceros, especialmente los referentes a banners, comunicaciones electr\u00f3nicas por e-mail, o cualquier otro, y que contengan alg\u00fan error tipogr\u00e1fico ya sea involuntario o por manipulaci\u00f3n de terceros, carecen de todo valor, y en caso de duda se recomienda que los usuarios confirmen los datos a trav\u00e9s de canales personales como el fax o tel\u00e9fono, bien por medio de Motormundo o su red de concesionarios autorizados.<\/p>\n<p><strong>Fin informativo y relacional<\/strong><\/p>\n<p>Toda la informaci\u00f3n incluida en este sitio web tiene fines informativos y de car\u00e1cter relacional para facilitar a los usuarios informarse de los productos y acceder a servicios que Motormundo ofrece en lo relativo a reservas de hora, cotizaciones o contactos con \u00e1reas espec\u00edficas de la empresa. Este sitio no debe ser usado o entendido como sustituto de la informaci\u00f3n que le facilite la red de puntos de venta de Motormundo o de la red concesionarios autorizados. Motormundo realiza los m\u00e1ximos esfuerzos para que las funcionalidades relacionales se realice en las mejores condiciones posibles y que est\u00e9n siempre disponibles, en funcionamiento y evitando perjuicios de cualquier tipo que pudiesen ocasionarse durante la misma.<\/p>\n<p><strong>Precio de los productos<\/strong><\/p>\n<p>Los precios son los recomendados de venta al p\u00fablico, por lo que los precios finales que ofrezca un punto de venta de la red de Motormundo o sus concesionarios autorizados pueden ser distintos. La compra de cualquier producto est\u00e1 sujeto a los t\u00e9rminos y condiciones fijados en cada contrato de compraventa.<\/p>\n<p>Se entiende por \u201ccontrato de compraventa\u201d el conjunto de documentos mercantiles (factura por veh\u00edculo nuevo y sin uso, gu\u00eda de despacho, p\u00f3liza de garant\u00eda del fabricante) que dan cuenta f\u00edsica de la celebraci\u00f3n del contrato de compraventa.<\/p>\n<p><strong>Links en el sitio web<\/strong><\/p>\n<p>Motormundo no se responsabiliza en modo alguno de aquellos contenidos, actividades comerciales, productos y servicios incluidos que pudiesen visualizarse mediante enlaces electr\u00f3nicos (links), directa o indirectamente, a trav\u00e9s de este sitio web, en especial los que pudieran corresponder a contenidos de valor agregado para el usuario, como de ocio, entretenimiento, curiosidades, consejos u otros.<\/p>\n<p>La presencia de links en el sitio web de Motormundo salvo manifestaci\u00f3n expresa en contrario, tiene una finalidad meramente informativa y en ning\u00fan caso supone sugerencia, invitaci\u00f3n o recomendaci\u00f3n sobre los mismos. Estos enlaces no representan ning\u00fan tipo de relaci\u00f3n entre Motormundo y los particulares o empresas titulares de los sitios web a los que puede accederse mediante estos enlaces. Motormundo se reserva el derecho de retirar de modo unilateral y en cualquier momento los links que aparecen en este sitio web.<\/p>\n<p><strong>Navegaci\u00f3n, acceso y seguridad<\/strong><\/p>\n<p>El acceso y navegaci\u00f3n en este sitio web supone aceptar y conocer las advertencias legales, condiciones y t\u00e9rminos de uso contenidas en ella. Motormundo realiza los m\u00e1ximos esfuerzos para que la navegaci\u00f3n se realice en las mejores condiciones y evitar los perjuicios de cualquier tipo que pudiesen ocasionarse durante la misma.<\/p>\n<p>Motormundo no se responsabiliza ni garantiza que el acceso a este sitio web sea ininterrumpido o que est\u00e9 libre de error, ni por las fallas en rendimiento, omisiones, interrupciones de servicio, defectos, demoras en la transmisi\u00f3n o fallas en las l\u00edneas de conexi\u00f3n. Tampoco se responsabiliza o garantiza que el contenido o software al que pueda accederse a trav\u00e9s de este sitio web, est\u00e9 libre de error o cause un da\u00f1o.<\/p>\n<p>En ning\u00fan caso Motormundo ser\u00e1 responsable por las p\u00e9rdidas, da\u00f1os o perjuicios de cualquier tipo que surjan por el acceso y el uso de red de internet abierta, incluy\u00e9ndose pero no limit\u00e1ndose, a los ocasionados a los sistemas inform\u00e1ticos o los provocados por la introducci\u00f3n de virus. Motormundo no se hace responsable de los da\u00f1os que pudiesen ocasionarse a los usuarios por un uso inadecuado de este sitio web.<\/p>\n<p><strong>Propiedad intelectual<\/strong><\/p>\n<p>Este sitio web y los contenidos que alberga se encuentran protegidos por las leyes de Propiedad industrial e Intelectual, inclusive de los incluidos en tratados internacionales ratificados por Per\u00fa. No podr\u00e1n ser objeto de explotaci\u00f3n, reproducci\u00f3n, distribuci\u00f3n, modificaci\u00f3n, comunicaci\u00f3n p\u00fablica, cesi\u00f3n o transformaci\u00f3n. El acceso a este sitio web no otorga a los usuarios derecho, ni titularidad alguna sobre los derechos de propiedad intelectual de los contenidos que alberga este sitio web.<\/p>\n<p>El contenido de este sitio web puede ser descargado al terminal del usuario (download) siempre que sea para su uso privado inmediato y sin ning\u00fan fin comercial; por lo tanto no podr\u00e1 explotar, reproducir, distribuir, modificar, comunicar p\u00fablicamente, ceder, transformar o usar el contenido de este sitio web con fines p\u00fablicos o comerciales.<\/p>\n<p>Motormundo no transfiere a los usuarios la propiedad de su software. El usuario es el propietario del soporte en el cual es software es grabado. Motormundo retiene todos los derechos de propiedad industrial e intelectual incluyendo el software. Si el usuario transfiere software de este sitio web a su terminal, no podr\u00e1 diseccionarlo para su estudio, o descompilarlo, traducir la versi\u00f3n del c\u00f3digo objeto original o su lenguaje a otro c\u00f3digo o lenguaje.<\/p>\n<p><strong>Marcas registradas<\/strong><\/p>\n<p>Todas las marcas, logotipos y anagramas mostrados en este sitio son propiedad de Motormundo o de terceras empresas ligadas. Se proh\u00edbe usarlos, descargarlos permanentemente, copiarlos o distribuirlos por cualquier medio sin el permiso escrito de Motormundo o de la tercera empresa.<\/p>\n<p><strong>Acciones judiciales<\/strong><\/p>\n<p>Motormundo se reserva la posibilidad de ejercer las acciones judiciales que correspondan contra los usuarios que violen o infrinjan los derechos de propiedad intelectual e industrial.<\/p>\n<p><strong>Pol\u00edtica de privacidad<\/strong><\/p>\n<p>Datos personales: La finalidad y el uso de los datos que usted proporcione a Motormundo viene recogida en el texto legal de aquel formulario que complete en este sitio web.<\/p>\n<p>La visita a este sitio web no supone que el usuario est\u00e9 obligado a facilitar ninguna informaci\u00f3n sobre s\u00ed mismo. En el caso de que proporcione el usuario alguna informaci\u00f3n de car\u00e1cter personal, los datos recogidos en este sitio web ser\u00e1n utilizados con la finalidad, en la forma y con las limitaciones y derechos que recoge la Ley de Protecci\u00f3n de Datos Personales (Ley N\u00ba 29733).<\/p>\n<p>Los usuarios que faciliten datos de car\u00e1cter personal, consienten inequ\u00edvocamente la incorporaci\u00f3n de sus datos en una base de datos de los que ser\u00e1 responsable Motormundo, as\u00ed como el tratamiento o no de los mismos. Esta informaci\u00f3n ser\u00e1 tratada con sumo cuidado y con la mayor seguridad posible y s\u00f3lo se utilizar\u00e1 de acuerdo a los l\u00edmites establecidos en este documento.<\/p>\n<p>Los datos de registro deber\u00e1n ser veraces. Motormundo s\u00f3lo re\u00fane datos personales cuando estos son proporcionados directamente por el usuario.<\/p>\n<p>Motormundo proceder\u00e1 a la cancelaci\u00f3n de los datos recogidos cuando dejen de ser necesarios o pertinentes para la finalidad para la que hubiesen sido recabados o registrados.<\/p>\n<p>En el caso de que los datos recogidos se utilizasen para una finalidad distinta para la cual hubiesen sido recabados o recogidos se requerir\u00e1 el consentimiento previo de los interesados.<\/p>\n<p>Motormundo utiliza los datos que proporcionan los usuarios para los fines directos por los cuales se entregan y para difundir ofertas de productos o de servicios, para informar novedades de productos o servicios que podr\u00edan ser de utilidad e inter\u00e9s y para personalizar y mejorar la relaci\u00f3n con sus clientes.<\/p>\n<p>Cada vez que el usuario ingresa sus datos, deber\u00e1 aceptar o rechazar el uso en futuras comunicaciones. Al completar cualquier formulario, si no est\u00e1 de acuerdo con esto, el usuario deber\u00e1 desactivar la opci\u00f3n respectiva. Si elige mantenerla activada autoriza a Motormundo al uso de los datos con los objetivos antes expuestos.<\/p>\n<p>Motormundo ha adoptado las medidas t\u00e9cnicas y organizativas necesarias para garantizar la seguridad e integridad de los datos, as\u00ed como para evitar su alteraci\u00f3n, p\u00e9rdida, tratamiento o acceso no autorizado. No obstante, en la actualidad ning\u00fan sistema es completamente seguro o libre de ataques.<\/p>\n<p>Los usuarios cuyos datos sean objeto de tratamiento podr\u00e1n ejercitar gratuitamente los derechos de oposici\u00f3n, acceso, informaci\u00f3n, rectificaci\u00f3n, cancelaci\u00f3n y tratamiento objetivo de sus datos personales, sin efectos retroactivos seg\u00fan los t\u00e9rminos especificados en la Ley de Protecci\u00f3n de Datos Personales (Ley N\u00ba 29733), conforme al procedimiento legalmente establecido. Estos derechos podr\u00e1n ser ejercitados dirigiendo una solicitud v\u00eda e-mail a atencioncliente@gildemeister.pe, haciendo uso del formato previsto por la empresa para estos efectos.<\/p>\n<p>El acceso a este sitio web puede implicar la utilizaci\u00f3n de cookies. Las cookies son peque\u00f1as cantidades de informaci\u00f3n que se almacenan en el navegador utilizado por cada usuario para que el servidor recuerde cierta informaci\u00f3n que posteriormente \u00fanicamente el servidor que la implement\u00f3 leer\u00e1. Las cookies tienen, generalmente, una duraci\u00f3n limitada en el tiempo. Ninguna cookie de este sitio web permite que pueda contactarse con el n\u00famero de tel\u00e9fono del usuario, su direcci\u00f3n de correo electr\u00f3nico o con cualesquiera otro medio de contacto. Ninguna cookie de este sitio web puede extraer informaci\u00f3n del disco duro del usuario o robar informaci\u00f3n personal. La \u00fanica manera, en este sitio web, de que la informaci\u00f3n privada de un usuario forme parte del archivo cookie es que el usuario d\u00e9 personalmente esa informaci\u00f3n al servidor. Aquellos usuarios que no deseen recibir cookies o quieran ser informados de su fijaci\u00f3n pueden configurar su navegador a tal efecto.<\/p>\n<p><strong>Jurisdicci\u00f3n y legislaci\u00f3n aplicable<\/strong><\/p>\n<p>Los t\u00e9rminos y condiciones que rigen este sitio Web y todas las relaciones que pudieran derivarse se encuentran salvaguardados por la legislaci\u00f3n peruana.<\/p>\n<p>Cualquier controversia que pudiera derivarse del acceso o la utilizaci\u00f3n de este sitio Web se somete a la exclusiva jurisdicci\u00f3n de los tribunales de Lima (Per\u00fa).<\/p>\n","protected":false},"excerpt":{"rendered":"<p>ASPECTOS LEGALES Y POLITICAS DE PRIVACIDAD Este sitio web ha sido creado por Motormundo SAC (en adelante Motormundo) con car\u00e1cter informativo y para uso personal. Accediendo a este sitio web y a la informaci\u00f3n que en \u00e9l se presenta el usuario acepta las siguientes cl\u00e1usulas que a continuaci\u00f3n se indican y que definen los t\u00e9rminos, [&hellip;]<\/p>\n","protected":false},"author":2,"featured_media":0,"parent":0,"menu_order":2,"comment_status":"closed","ping_status":"closed","template":"page-templates\/politicas-privacidad.php","meta":{"_acf_changed":false,"inline_featured_image":false,"footnotes":""},"class_list":["post-4478","page","type-page","status-publish","hentry"],"acf":[],"yoast_head":"<!-- This site is optimized with the Yoast SEO Premium plugin v20.6 (Yoast SEO v26.2) - https:\/\/yoast.com\/wordpress\/plugins\/seo\/ -->\n<title>Pol\u00edticas de Privacidad | JMC Per\u00fa<\/title>\n<meta name=\"robots\" content=\"index, follow, max-snippet:-1, max-image-preview:large, max-video-preview:-1\" \/>\n<link rel=\"canonical\" href=\"https:\/\/jmc.pe\/camiones\/politicas-de-privacidad\/\" \/>\n<meta property=\"og:locale\" content=\"es_ES\" \/>\n<meta property=\"og:type\" content=\"article\" \/>\n<meta property=\"og:title\" content=\"Pol\u00edticas de Privacidad\" \/>\n<meta property=\"og:description\" content=\"ASPECTOS LEGALES Y POLITICAS DE PRIVACIDAD Este sitio web ha sido creado por Motormundo SAC (en adelante Motormundo) con car\u00e1cter informativo y para uso personal. Accediendo a este sitio web y a la informaci\u00f3n que en \u00e9l se presenta el usuario acepta las siguientes cl\u00e1usulas que a continuaci\u00f3n se indican y que definen los t\u00e9rminos, [&hellip;]\" \/>\n<meta property=\"og:url\" content=\"https:\/\/jmc.pe\/camiones\/politicas-de-privacidad\/\" \/>\n<meta property=\"og:site_name\" content=\"JMC Per\u00fa\" \/>\n<meta property=\"article:publisher\" content=\"https:\/\/www.facebook.com\/JMCPeruOficial\/\" \/>\n<meta property=\"article:modified_time\" content=\"2026-02-13T16:09:39+00:00\" \/>\n<meta property=\"og:image\" content=\"https:\/\/jmc.pe\/camiones\/wp-content\/uploads\/2023\/03\/logo_camiones.jpg\" \/>\n\t<meta property=\"og:image:width\" content=\"1200\" \/>\n\t<meta property=\"og:image:height\" content=\"675\" \/>\n\t<meta property=\"og:image:type\" content=\"image\/jpeg\" \/>\n<meta name=\"twitter:card\" content=\"summary_large_image\" \/>\n<meta name=\"twitter:label1\" content=\"Tiempo de lectura\" \/>\n\t<meta name=\"twitter:data1\" content=\"11 minutos\" \/>\n<!-- \/ Yoast SEO Premium plugin. -->","yoast_head_json":{"title":"Pol\u00edticas de Privacidad | JMC Per\u00fa","robots":{"index":"index","follow":"follow","max-snippet":"max-snippet:-1","max-image-preview":"max-image-preview:large","max-video-preview":"max-video-preview:-1"},"canonical":"https:\/\/jmc.pe\/camiones\/politicas-de-privacidad\/","og_locale":"es_ES","og_type":"article","og_title":"Pol\u00edticas de Privacidad","og_description":"ASPECTOS LEGALES Y POLITICAS DE PRIVACIDAD Este sitio web ha sido creado por Motormundo SAC (en adelante Motormundo) con car\u00e1cter informativo y para uso personal. Accediendo a este sitio web y a la informaci\u00f3n que en \u00e9l se presenta el usuario acepta las siguientes cl\u00e1usulas que a continuaci\u00f3n se indican y que definen los t\u00e9rminos, [&hellip;]","og_url":"https:\/\/jmc.pe\/camiones\/politicas-de-privacidad\/","og_site_name":"JMC Per\u00fa","article_publisher":"https:\/\/www.facebook.com\/JMCPeruOficial\/","article_modified_time":"2026-02-13T16:09:39+00:00","og_image":[{"width":1200,"height":675,"url":"https:\/\/jmc.pe\/camiones\/wp-content\/uploads\/2023\/03\/logo_camiones.jpg","type":"image\/jpeg"}],"twitter_card":"summary_large_image","twitter_misc":{"Tiempo de lectura":"11 minutos"},"schema":{"@context":"https:\/\/schema.org","@graph":[{"@type":"WebPage","@id":"https:\/\/jmc.pe\/camiones\/politicas-de-privacidad\/","url":"https:\/\/jmc.pe\/camiones\/politicas-de-privacidad\/","name":"Pol\u00edticas de Privacidad | JMC Per\u00fa","isPartOf":{"@id":"https:\/\/jmc.pe\/camiones\/#website"},"datePublished":"2023-04-04T17:47:45+00:00","dateModified":"2026-02-13T16:09:39+00:00","breadcrumb":{"@id":"https:\/\/jmc.pe\/camiones\/politicas-de-privacidad\/#breadcrumb"},"inLanguage":"es","potentialAction":[{"@type":"ReadAction","target":["https:\/\/jmc.pe\/camiones\/politicas-de-privacidad\/"]}]},{"@type":"BreadcrumbList","@id":"https:\/\/jmc.pe\/camiones\/politicas-de-privacidad\/#breadcrumb","itemListElement":[{"@type":"ListItem","position":1,"name":"Portada","item":"https:\/\/jmc.pe\/camiones\/"},{"@type":"ListItem","position":2,"name":"Pol\u00edticas de Privacidad"}]},{"@type":"WebSite","@id":"https:\/\/jmc.pe\/camiones\/#website","url":"https:\/\/jmc.pe\/camiones\/","name":"JMC Per\u00fa | Camiones","description":"El mejor aliado para tu negocio de transporte.","potentialAction":[{"@type":"SearchAction","target":{"@type":"EntryPoint","urlTemplate":"https:\/\/jmc.pe\/camiones\/?s={search_term_string}"},"query-input":{"@type":"PropertyValueSpecification","valueRequired":true,"valueName":"search_term_string"}}],"inLanguage":"es"}]}},"_links":{"self":[{"href":"https:\/\/jmc.pe\/camiones\/wp-json\/wp\/v2\/pages\/4478","targetHints":{"allow":["GET"]}}],"collection":[{"href":"https:\/\/jmc.pe\/camiones\/wp-json\/wp\/v2\/pages"}],"about":[{"href":"https:\/\/jmc.pe\/camiones\/wp-json\/wp\/v2\/types\/page"}],"author":[{"embeddable":true,"href":"https:\/\/jmc.pe\/camiones\/wp-json\/wp\/v2\/users\/2"}],"replies":[{"embeddable":true,"href":"https:\/\/jmc.pe\/camiones\/wp-json\/wp\/v2\/comments?post=4478"}],"version-history":[{"count":4,"href":"https:\/\/jmc.pe\/camiones\/wp-json\/wp\/v2\/pages\/4478\/revisions"}],"predecessor-version":[{"id":10494,"href":"https:\/\/jmc.pe\/camiones\/wp-json\/wp\/v2\/pages\/4478\/revisions\/10494"}],"wp:attachment":[{"href":"https:\/\/jmc.pe\/camiones\/wp-json\/wp\/v2\/media?parent=4478"}],"curies":[{"name":"wp","href":"https:\/\/api.w.org\/{rel}","templated":true}]}}