{"id":4136,"date":"2023-03-08T17:08:56","date_gmt":"2023-03-08T22:08:56","guid":{"rendered":"https:\/\/jmc.pe\/camiones\/cotizar\/cotizar-new-carrying-dr-2\/"},"modified":"2023-03-24T16:13:26","modified_gmt":"2023-03-24T21:13:26","slug":"cotizar-new-carrying-2-0","status":"publish","type":"page","link":"https:\/\/jmc.pe\/camiones\/cotizar\/cotizar-new-carrying-2-0\/","title":{"rendered":"Cotizar New Carrying 2.0"},"content":{"rendered":"","protected":false},"excerpt":{"rendered":"","protected":false},"author":2,"featured_media":0,"parent":3805,"menu_order":4,"comment_status":"closed","ping_status":"closed","template":"page-templates\/modelo-financiamiento-nofinancia.php","meta":{"_acf_changed":false,"inline_featured_image":false,"footnotes":""},"class_list":["post-4136","page","type-page","status-publish","hentry"],"acf":[],"yoast_head":"<!-- This site is optimized with the Yoast SEO Premium plugin v20.6 (Yoast SEO v26.2) - https:\/\/yoast.com\/wordpress\/plugins\/seo\/ -->\n<title>JMC Per\u00fa Camiones | Cotizar New Carrying 2.0<\/title>\n<meta name=\"description\" content=\"\u00bfEst\u00e1s listo para tu nuevo JMC? Cotiza tu New Carrying HOY. D\u00e9janos tus datos y vis\u00edtanos en nuestra red de atenci\u00f3n a nivel nacional.\" \/>\n<meta name=\"robots\" content=\"index, follow, max-snippet:-1, max-image-preview:large, max-video-preview:-1\" \/>\n<link rel=\"canonical\" href=\"https:\/\/jmc.pe\/camiones\/cotizar\/cotizar-new-carrying-2-0\/\" \/>\n<meta property=\"og:locale\" content=\"es_ES\" \/>\n<meta property=\"og:type\" content=\"article\" \/>\n<meta property=\"og:title\" content=\"Cotizar New Carrying 2.0\" \/>\n<meta property=\"og:description\" content=\"\u00bfEst\u00e1s listo para tu nuevo JMC? Cotiza tu New Carrying HOY. D\u00e9janos tus datos y vis\u00edtanos en nuestra red de atenci\u00f3n a nivel nacional.\" \/>\n<meta property=\"og:url\" content=\"https:\/\/jmc.pe\/camiones\/cotizar\/cotizar-new-carrying-2-0\/\" \/>\n<meta property=\"og:site_name\" content=\"JMC Per\u00fa\" \/>\n<meta property=\"article:publisher\" content=\"https:\/\/www.facebook.com\/JMCPeruOficial\/\" \/>\n<meta property=\"article:modified_time\" content=\"2023-03-24T21:13:26+00:00\" \/>\n<meta property=\"og:image\" content=\"https:\/\/jmc.pe\/camiones\/wp-content\/uploads\/2023\/03\/logo_camiones.jpg\" \/>\n\t<meta property=\"og:image:width\" content=\"1200\" \/>\n\t<meta property=\"og:image:height\" content=\"675\" \/>\n\t<meta property=\"og:image:type\" content=\"image\/jpeg\" \/>\n<meta name=\"twitter:card\" content=\"summary_large_image\" \/>\n<!-- \/ Yoast SEO Premium plugin. -->","yoast_head_json":{"title":"JMC Per\u00fa Camiones | Cotizar New Carrying 2.0","description":"\u00bfEst\u00e1s listo para tu nuevo JMC? Cotiza tu New Carrying HOY. D\u00e9janos tus datos y vis\u00edtanos en nuestra red de atenci\u00f3n a nivel nacional.","robots":{"index":"index","follow":"follow","max-snippet":"max-snippet:-1","max-image-preview":"max-image-preview:large","max-video-preview":"max-video-preview:-1"},"canonical":"https:\/\/jmc.pe\/camiones\/cotizar\/cotizar-new-carrying-2-0\/","og_locale":"es_ES","og_type":"article","og_title":"Cotizar New Carrying 2.0","og_description":"\u00bfEst\u00e1s listo para tu nuevo JMC? Cotiza tu New Carrying HOY. D\u00e9janos tus datos y vis\u00edtanos en nuestra red de atenci\u00f3n a nivel nacional.","og_url":"https:\/\/jmc.pe\/camiones\/cotizar\/cotizar-new-carrying-2-0\/","og_site_name":"JMC Per\u00fa","article_publisher":"https:\/\/www.facebook.com\/JMCPeruOficial\/","article_modified_time":"2023-03-24T21:13:26+00:00","og_image":[{"width":1200,"height":675,"url":"https:\/\/jmc.pe\/camiones\/wp-content\/uploads\/2023\/03\/logo_camiones.jpg","type":"image\/jpeg"}],"twitter_card":"summary_large_image","schema":{"@context":"https:\/\/schema.org","@graph":[{"@type":"WebPage","@id":"https:\/\/jmc.pe\/camiones\/cotizar\/cotizar-new-carrying-2-0\/","url":"https:\/\/jmc.pe\/camiones\/cotizar\/cotizar-new-carrying-2-0\/","name":"JMC Per\u00fa Camiones | Cotizar New Carrying 2.0","isPartOf":{"@id":"https:\/\/jmc.pe\/camiones\/#website"},"datePublished":"2023-03-08T22:08:56+00:00","dateModified":"2023-03-24T21:13:26+00:00","description":"\u00bfEst\u00e1s listo para tu nuevo JMC? Cotiza tu New Carrying HOY. D\u00e9janos tus datos y vis\u00edtanos en nuestra red de atenci\u00f3n a nivel nacional.","breadcrumb":{"@id":"https:\/\/jmc.pe\/camiones\/cotizar\/cotizar-new-carrying-2-0\/#breadcrumb"},"inLanguage":"es","potentialAction":[{"@type":"ReadAction","target":["https:\/\/jmc.pe\/camiones\/cotizar\/cotizar-new-carrying-2-0\/"]}]},{"@type":"BreadcrumbList","@id":"https:\/\/jmc.pe\/camiones\/cotizar\/cotizar-new-carrying-2-0\/#breadcrumb","itemListElement":[{"@type":"ListItem","position":1,"name":"Portada","item":"https:\/\/jmc.pe\/camiones\/"},{"@type":"ListItem","position":2,"name":"Cotizar","item":"https:\/\/jmc.pe\/camiones\/cotizar\/"},{"@type":"ListItem","position":3,"name":"Cotizar New Carrying 2.0"}]},{"@type":"WebSite","@id":"https:\/\/jmc.pe\/camiones\/#website","url":"https:\/\/jmc.pe\/camiones\/","name":"JMC Per\u00fa | Camiones","description":"El mejor aliado para tu negocio de transporte.","potentialAction":[{"@type":"SearchAction","target":{"@type":"EntryPoint","urlTemplate":"https:\/\/jmc.pe\/camiones\/?s={search_term_string}"},"query-input":{"@type":"PropertyValueSpecification","valueRequired":true,"valueName":"search_term_string"}}],"inLanguage":"es"}]}},"_links":{"self":[{"href":"https:\/\/jmc.pe\/camiones\/wp-json\/wp\/v2\/pages\/4136","targetHints":{"allow":["GET"]}}],"collection":[{"href":"https:\/\/jmc.pe\/camiones\/wp-json\/wp\/v2\/pages"}],"about":[{"href":"https:\/\/jmc.pe\/camiones\/wp-json\/wp\/v2\/types\/page"}],"author":[{"embeddable":true,"href":"https:\/\/jmc.pe\/camiones\/wp-json\/wp\/v2\/users\/2"}],"replies":[{"embeddable":true,"href":"https:\/\/jmc.pe\/camiones\/wp-json\/wp\/v2\/comments?post=4136"}],"version-history":[{"count":4,"href":"https:\/\/jmc.pe\/camiones\/wp-json\/wp\/v2\/pages\/4136\/revisions"}],"predecessor-version":[{"id":4280,"href":"https:\/\/jmc.pe\/camiones\/wp-json\/wp\/v2\/pages\/4136\/revisions\/4280"}],"up":[{"embeddable":true,"href":"https:\/\/jmc.pe\/camiones\/wp-json\/wp\/v2\/pages\/3805"}],"wp:attachment":[{"href":"https:\/\/jmc.pe\/camiones\/wp-json\/wp\/v2\/media?parent=4136"}],"curies":[{"name":"wp","href":"https:\/\/api.w.org\/{rel}","templated":true}]}}