{"id":3895,"date":"2023-02-08T11:10:57","date_gmt":"2023-02-08T16:10:57","guid":{"rendered":"http:\/\/jmc2.local\/camiones\/?page_id=3895"},"modified":"2026-01-18T13:37:23","modified_gmt":"2026-01-18T18:37:23","slug":"new-carrying-dr","status":"publish","type":"page","link":"https:\/\/jmc.pe\/camiones\/modelos\/new-carrying-dr\/","title":{"rendered":"CAMI\u00d3N DE CARGA: NEW CARRYING 2.0 BARANDA DR"},"content":{"rendered":"\n<script type=\"application\/ld+json\">\n{\n  \"@context\": \"https:\/\/schema.org\",\n  \"@type\": \"FAQPage\",\n  \"mainEntity\": [{\n    \"@type\": \"Question\",\n    \"name\": \"\u00bfQu\u00e9 es un Cami\u00f3n New Carrying 2.0 Baranda DR?\",\n    \"acceptedAnswer\": {\n      \"@type\": \"Answer\",\n      \"text\": \"Un cami\u00f3n baranda es un furg\u00f3n peque\u00f1o de carga con laterales cubiertos entre barras, dise\u00f1ado como transporte de carga Sus barras laterales ofrecen soporte a la carga y permiten acomodar objetos de diversos tama\u00f1os. Son ampliamente utilizados en sectores comerciales e industriales.\"\n    }\n  },{\n    \"@type\": \"Question\",\n    \"name\": \"\u00bfCu\u00e1les son los beneficios de comprar un Cami\u00f3n de 2 toneladas New Carying 2.0 Baranda DR?\",\n    \"acceptedAnswer\": {\n      \"@type\": \"Answer\",\n      \"text\": \"Comprar un cami\u00f3n baranda ofrece ventajas como facilitar la carga y descarga de mercanc\u00eda debido a sus laterales cubierta entre barras, proporcionar soporte seguro a la carga, a un precio competitivo en el mercado, lo que lo hace ideal para aumentar el valor de tu negocio.\"\n    }\n  },{\n    \"@type\": \"Question\",\n    \"name\": \"\u00bfCu\u00e1nto mide un cami\u00f3n de 2 toneladas?\",\n    \"acceptedAnswer\": {\n      \"@type\": \"Answer\",\n      \"text\": \"Las medidas del cami\u00f3n de carga New Carying 2.0 Baranda DR : 1,700 mm. 2,050 mm.<\"\n    }\n  },{\n    \"@type\": \"Question\",\n    \"name\": \"\u00bfCu\u00e1nto cuesta el cami\u00f3n de New Carying 2.0 Baranda DR?<\",\n    \"acceptedAnswer\": {\n      \"@type\": \"Answer\",\n      \"text\": \"El precio del cami\u00f3n de carga marca JMC, modelo New Carying 2.0 Baranda DR, es desde USD 15,990.\"\n    }\n  },{\n    \"@type\": \"Question\",\n    \"name\": \"\",\n    \"acceptedAnswer\": {\n      \"@type\": \"Answer\",\n      \"text\": \"\"\n    }\n  }]\n}\n<\/script>\n\n<script type=\"application\/ld+json\">\n{\n  \"@context\": \"https:\/\/schema.org\/\", \n  \"@type\": \"BreadcrumbList\", \n  \"itemListElement\": [{\n    \"@type\": \"ListItem\", \n    \"position\": 1, \n    \"name\": \"Inicio\",\n    \"item\": \"https:\/\/jmc.pe\"  \n  },{\n    \"@type\": \"ListItem\", \n    \"position\": 2, \n    \"name\": \"camiones\",\n    \"item\": \"https:\/\/jmc.pe\/camiones\/\"  \n  },{\n    \"@type\": \"ListItem\", \n    \"position\": 3, \n    \"name\": \"Modelos\",\n    \"item\": \"https:\/\/jmc.pe\/camiones\/modelos\/\"  \n  },{\n    \"@type\": \"ListItem\", \n    \"position\": 4, \n    \"name\": \"New Carrying 2.0 DR\",\n    \"item\": \"https:\/\/jmc.pe\/camiones\/modelos\/new-carrying-dr\/\"  \n  }]\n}\n<\/script>\n\n<script type=\"application\/ld+json\">\n  {\n    \"@context\": \"https:\/\/schema.org\",\n    \"@type\": \"VideoObject\",\n    \"name\": \"New Carrying DR 2.0 \u2013 Lidera con estabilidad\",\n    \"description\": \"Mira todas las cualidades de nuestro modelo m\u00e1s liviano, el New Carrying 2.0!\",\n    \"thumbnailUrl\": [\"\"],\n    \"uploadDate\": \"\",\n    \"contentUrl\": \"https:\/\/www.youtube.com\/watch?v=F0debLzOueU\",\n    \"embedUrl\": \"https:\/\/www.youtube.com\/watch?v=F0debLzOueU\",\n    \"duration\": \"PT11M22S\"\n  }\n<\/script>\n\n\n\n<p><\/p>\n","protected":false},"excerpt":{"rendered":"","protected":false},"author":2,"featured_media":4262,"parent":1696,"menu_order":5,"comment_status":"closed","ping_status":"closed","template":"page-templates\/modelo-detalle-auto.php","meta":{"_acf_changed":false,"inline_featured_image":false,"footnotes":""},"class_list":["post-3895","page","type-page","status-publish","has-post-thumbnail","hentry"],"acf":[],"yoast_head":"<!-- This site is optimized with the Yoast SEO Premium plugin v20.6 (Yoast SEO v26.2) - https:\/\/yoast.com\/wordpress\/plugins\/seo\/ -->\n<title>Venta al mejor precio de New Carrying 2.0 Baranda DR | JMC Per\u00fa<\/title>\n<meta name=\"description\" content=\"El cami\u00f3n de carga ofrece versatilidad y capacidad para transportar mercanc\u00eda con seguridad. Cotiza y descubre el precio del Carrying 2.0 Baranda DR.\" \/>\n<meta name=\"robots\" content=\"index, follow, max-snippet:-1, max-image-preview:large, max-video-preview:-1\" \/>\n<link rel=\"canonical\" href=\"https:\/\/jmc.pe\/camiones\/modelos\/new-carrying-dr\/\" \/>\n<meta property=\"og:locale\" content=\"es_ES\" \/>\n<meta property=\"og:type\" content=\"article\" \/>\n<meta property=\"og:title\" content=\"CAMI\u00d3N DE CARGA: NEW CARRYING 2.0 BARANDA DR\" \/>\n<meta property=\"og:description\" content=\"El cami\u00f3n de carga ofrece versatilidad y capacidad para transportar mercanc\u00eda con seguridad. Cotiza y descubre el precio del Carrying 2.0 Baranda DR.\" \/>\n<meta property=\"og:url\" content=\"https:\/\/jmc.pe\/camiones\/modelos\/new-carrying-dr\/\" \/>\n<meta property=\"og:site_name\" content=\"JMC Per\u00fa\" \/>\n<meta property=\"article:publisher\" content=\"https:\/\/www.facebook.com\/JMCPeruOficial\/\" \/>\n<meta property=\"article:modified_time\" content=\"2026-01-18T18:37:23+00:00\" \/>\n<meta property=\"og:image\" content=\"https:\/\/jmc.pe\/camiones\/wp-content\/uploads\/2023\/03\/fotomodelo_der-newcarryngdr.png\" \/>\n\t<meta property=\"og:image:width\" content=\"580\" \/>\n\t<meta property=\"og:image:height\" content=\"330\" \/>\n\t<meta property=\"og:image:type\" content=\"image\/png\" \/>\n<meta name=\"twitter:card\" content=\"summary_large_image\" \/>\n<meta name=\"twitter:label1\" content=\"Tiempo de lectura\" \/>\n\t<meta name=\"twitter:data1\" content=\"1 minuto\" \/>\n<!-- \/ Yoast SEO Premium plugin. -->","yoast_head_json":{"title":"Venta al mejor precio de New Carrying 2.0 Baranda DR | JMC Per\u00fa","description":"El cami\u00f3n de carga ofrece versatilidad y capacidad para transportar mercanc\u00eda con seguridad. Cotiza y descubre el precio del Carrying 2.0 Baranda DR.","robots":{"index":"index","follow":"follow","max-snippet":"max-snippet:-1","max-image-preview":"max-image-preview:large","max-video-preview":"max-video-preview:-1"},"canonical":"https:\/\/jmc.pe\/camiones\/modelos\/new-carrying-dr\/","og_locale":"es_ES","og_type":"article","og_title":"CAMI\u00d3N DE CARGA: NEW CARRYING 2.0 BARANDA DR","og_description":"El cami\u00f3n de carga ofrece versatilidad y capacidad para transportar mercanc\u00eda con seguridad. Cotiza y descubre el precio del Carrying 2.0 Baranda DR.","og_url":"https:\/\/jmc.pe\/camiones\/modelos\/new-carrying-dr\/","og_site_name":"JMC Per\u00fa","article_publisher":"https:\/\/www.facebook.com\/JMCPeruOficial\/","article_modified_time":"2026-01-18T18:37:23+00:00","og_image":[{"width":580,"height":330,"url":"https:\/\/jmc.pe\/camiones\/wp-content\/uploads\/2023\/03\/fotomodelo_der-newcarryngdr.png","type":"image\/png"}],"twitter_card":"summary_large_image","twitter_misc":{"Tiempo de lectura":"1 minuto"},"schema":{"@context":"https:\/\/schema.org","@graph":[{"@type":["WebPage","FAQPage"],"@id":"https:\/\/jmc.pe\/camiones\/modelos\/new-carrying-dr\/","url":"https:\/\/jmc.pe\/camiones\/modelos\/new-carrying-dr\/","name":"Venta al mejor precio de New Carrying 2.0 Baranda DR | JMC Per\u00fa","isPartOf":{"@id":"https:\/\/jmc.pe\/camiones\/#website"},"primaryImageOfPage":{"@id":"https:\/\/jmc.pe\/camiones\/modelos\/new-carrying-dr\/#primaryimage"},"image":{"@id":"https:\/\/jmc.pe\/camiones\/modelos\/new-carrying-dr\/#primaryimage"},"thumbnailUrl":"https:\/\/jmc.pe\/camiones\/wp-content\/uploads\/2023\/03\/fotomodelo_der-newcarryngdr.png","datePublished":"2023-02-08T16:10:57+00:00","dateModified":"2026-01-18T18:37:23+00:00","description":"El cami\u00f3n de carga ofrece versatilidad y capacidad para transportar mercanc\u00eda con seguridad. Cotiza y descubre el precio del Carrying 2.0 Baranda DR.","breadcrumb":{"@id":"https:\/\/jmc.pe\/camiones\/modelos\/new-carrying-dr\/#breadcrumb"},"inLanguage":"es","potentialAction":[{"@type":"ReadAction","target":["https:\/\/jmc.pe\/camiones\/modelos\/new-carrying-dr\/"]}]},{"@type":"ImageObject","inLanguage":"es","@id":"https:\/\/jmc.pe\/camiones\/modelos\/new-carrying-dr\/#primaryimage","url":"https:\/\/jmc.pe\/camiones\/wp-content\/uploads\/2023\/03\/fotomodelo_der-newcarryngdr.png","contentUrl":"https:\/\/jmc.pe\/camiones\/wp-content\/uploads\/2023\/03\/fotomodelo_der-newcarryngdr.png","width":580,"height":330,"caption":"thumb banner new carrying 20 dr"},{"@type":"BreadcrumbList","@id":"https:\/\/jmc.pe\/camiones\/modelos\/new-carrying-dr\/#breadcrumb","itemListElement":[{"@type":"ListItem","position":1,"name":"Portada","item":"https:\/\/jmc.pe\/camiones\/"},{"@type":"ListItem","position":2,"name":"Modelos","item":"https:\/\/jmc.pe\/camiones\/modelos\/"},{"@type":"ListItem","position":3,"name":"CAMI\u00d3N DE CARGA: NEW CARRYING 2.0 BARANDA DR"}]},{"@type":"WebSite","@id":"https:\/\/jmc.pe\/camiones\/#website","url":"https:\/\/jmc.pe\/camiones\/","name":"JMC Per\u00fa | Camiones","description":"El mejor aliado para tu negocio de transporte.","potentialAction":[{"@type":"SearchAction","target":{"@type":"EntryPoint","urlTemplate":"https:\/\/jmc.pe\/camiones\/?s={search_term_string}"},"query-input":{"@type":"PropertyValueSpecification","valueRequired":true,"valueName":"search_term_string"}}],"inLanguage":"es"}]}},"_links":{"self":[{"href":"https:\/\/jmc.pe\/camiones\/wp-json\/wp\/v2\/pages\/3895","targetHints":{"allow":["GET"]}}],"collection":[{"href":"https:\/\/jmc.pe\/camiones\/wp-json\/wp\/v2\/pages"}],"about":[{"href":"https:\/\/jmc.pe\/camiones\/wp-json\/wp\/v2\/types\/page"}],"author":[{"embeddable":true,"href":"https:\/\/jmc.pe\/camiones\/wp-json\/wp\/v2\/users\/2"}],"replies":[{"embeddable":true,"href":"https:\/\/jmc.pe\/camiones\/wp-json\/wp\/v2\/comments?post=3895"}],"version-history":[{"count":96,"href":"https:\/\/jmc.pe\/camiones\/wp-json\/wp\/v2\/pages\/3895\/revisions"}],"predecessor-version":[{"id":9956,"href":"https:\/\/jmc.pe\/camiones\/wp-json\/wp\/v2\/pages\/3895\/revisions\/9956"}],"up":[{"embeddable":true,"href":"https:\/\/jmc.pe\/camiones\/wp-json\/wp\/v2\/pages\/1696"}],"wp:featuredmedia":[{"embeddable":true,"href":"https:\/\/jmc.pe\/camiones\/wp-json\/wp\/v2\/media\/4262"}],"wp:attachment":[{"href":"https:\/\/jmc.pe\/camiones\/wp-json\/wp\/v2\/media?parent=3895"}],"curies":[{"name":"wp","href":"https:\/\/api.w.org\/{rel}","templated":true}]}}