{"id":3854,"date":"2023-02-08T10:11:22","date_gmt":"2023-02-08T15:11:22","guid":{"rendered":"http:\/\/jmc2.local\/camiones\/?page_id=3854"},"modified":"2026-02-02T14:19:36","modified_gmt":"2026-02-02T19:19:36","slug":"conquer","status":"publish","type":"page","link":"https:\/\/jmc.pe\/camiones\/modelos\/conquer\/","title":{"rendered":"CONQUER 6.0"},"content":{"rendered":"","protected":false},"excerpt":{"rendered":"","protected":false},"author":2,"featured_media":5914,"parent":1696,"menu_order":6,"comment_status":"closed","ping_status":"closed","template":"page-templates\/modelo-detalle-auto.php","meta":{"_acf_changed":false,"inline_featured_image":false,"footnotes":""},"class_list":["post-3854","page","type-page","status-publish","has-post-thumbnail","hentry"],"acf":[],"yoast_head":"<!-- This site is optimized with the Yoast SEO Premium plugin v20.6 (Yoast SEO v26.2) - https:\/\/yoast.com\/wordpress\/plugins\/seo\/ -->\n<title>Venta de furg\u00f3n Conquer 6.0 con precio actualizado | JMC Per\u00fa<\/title>\n<meta name=\"description\" content=\"El furg\u00f3n Conquer 6.0 ofrece potencia y durabilidad ideales para cargas mayores. Solicita tu cotizaci\u00f3n y consulta el precio del cami\u00f3n de 6 toneladas.\" \/>\n<meta name=\"robots\" content=\"index, follow, max-snippet:-1, max-image-preview:large, max-video-preview:-1\" \/>\n<link rel=\"canonical\" href=\"https:\/\/jmc.pe\/camiones\/modelos\/conquer\/\" \/>\n<meta property=\"og:locale\" content=\"es_ES\" \/>\n<meta property=\"og:type\" content=\"article\" \/>\n<meta property=\"og:title\" content=\"CONQUER 6.0\" \/>\n<meta property=\"og:description\" content=\"El furg\u00f3n Conquer 6.0 ofrece potencia y durabilidad ideales para cargas mayores. Solicita tu cotizaci\u00f3n y consulta el precio del cami\u00f3n de 6 toneladas.\" \/>\n<meta property=\"og:url\" content=\"https:\/\/jmc.pe\/camiones\/modelos\/conquer\/\" \/>\n<meta property=\"og:site_name\" content=\"JMC Per\u00fa\" \/>\n<meta property=\"article:publisher\" content=\"https:\/\/www.facebook.com\/JMCPeruOficial\/\" \/>\n<meta property=\"article:modified_time\" content=\"2026-02-02T19:19:36+00:00\" \/>\n<meta property=\"og:image\" content=\"https:\/\/jmc.pe\/camiones\/wp-content\/uploads\/2025\/03\/miniatura-conquer-580x330-1.png\" \/>\n\t<meta property=\"og:image:width\" content=\"580\" \/>\n\t<meta property=\"og:image:height\" content=\"330\" \/>\n\t<meta property=\"og:image:type\" content=\"image\/png\" \/>\n<meta name=\"twitter:card\" content=\"summary_large_image\" \/>\n<meta name=\"twitter:label1\" content=\"Tiempo de lectura\" \/>\n\t<meta name=\"twitter:data1\" content=\"1 minuto\" \/>\n<!-- \/ Yoast SEO Premium plugin. -->","yoast_head_json":{"title":"Venta de furg\u00f3n Conquer 6.0 con precio actualizado | JMC Per\u00fa","description":"El furg\u00f3n Conquer 6.0 ofrece potencia y durabilidad ideales para cargas mayores. Solicita tu cotizaci\u00f3n y consulta el precio del cami\u00f3n de 6 toneladas.","robots":{"index":"index","follow":"follow","max-snippet":"max-snippet:-1","max-image-preview":"max-image-preview:large","max-video-preview":"max-video-preview:-1"},"canonical":"https:\/\/jmc.pe\/camiones\/modelos\/conquer\/","og_locale":"es_ES","og_type":"article","og_title":"CONQUER 6.0","og_description":"El furg\u00f3n Conquer 6.0 ofrece potencia y durabilidad ideales para cargas mayores. Solicita tu cotizaci\u00f3n y consulta el precio del cami\u00f3n de 6 toneladas.","og_url":"https:\/\/jmc.pe\/camiones\/modelos\/conquer\/","og_site_name":"JMC Per\u00fa","article_publisher":"https:\/\/www.facebook.com\/JMCPeruOficial\/","article_modified_time":"2026-02-02T19:19:36+00:00","og_image":[{"width":580,"height":330,"url":"https:\/\/jmc.pe\/camiones\/wp-content\/uploads\/2025\/03\/miniatura-conquer-580x330-1.png","type":"image\/png"}],"twitter_card":"summary_large_image","twitter_misc":{"Tiempo de lectura":"1 minuto"},"schema":{"@context":"https:\/\/schema.org","@graph":[{"@type":"WebPage","@id":"https:\/\/jmc.pe\/camiones\/modelos\/conquer\/","url":"https:\/\/jmc.pe\/camiones\/modelos\/conquer\/","name":"Venta de furg\u00f3n Conquer 6.0 con precio actualizado | JMC Per\u00fa","isPartOf":{"@id":"https:\/\/jmc.pe\/camiones\/#website"},"primaryImageOfPage":{"@id":"https:\/\/jmc.pe\/camiones\/modelos\/conquer\/#primaryimage"},"image":{"@id":"https:\/\/jmc.pe\/camiones\/modelos\/conquer\/#primaryimage"},"thumbnailUrl":"https:\/\/jmc.pe\/camiones\/wp-content\/uploads\/2025\/03\/miniatura-conquer-580x330-1.png","datePublished":"2023-02-08T15:11:22+00:00","dateModified":"2026-02-02T19:19:36+00:00","description":"El furg\u00f3n Conquer 6.0 ofrece potencia y durabilidad ideales para cargas mayores. Solicita tu cotizaci\u00f3n y consulta el precio del cami\u00f3n de 6 toneladas.","breadcrumb":{"@id":"https:\/\/jmc.pe\/camiones\/modelos\/conquer\/#breadcrumb"},"inLanguage":"es","potentialAction":[{"@type":"ReadAction","target":["https:\/\/jmc.pe\/camiones\/modelos\/conquer\/"]}]},{"@type":"ImageObject","inLanguage":"es","@id":"https:\/\/jmc.pe\/camiones\/modelos\/conquer\/#primaryimage","url":"https:\/\/jmc.pe\/camiones\/wp-content\/uploads\/2025\/03\/miniatura-conquer-580x330-1.png","contentUrl":"https:\/\/jmc.pe\/camiones\/wp-content\/uploads\/2025\/03\/miniatura-conquer-580x330-1.png","width":580,"height":330,"caption":"Imagen de cami\u00f3n marca JMC modelo Conquer 6.0 con capacidad de carga de hasta 6 toneladas como parte de los tipos de camiones que ofrece JMC Per\u00fa"},{"@type":"BreadcrumbList","@id":"https:\/\/jmc.pe\/camiones\/modelos\/conquer\/#breadcrumb","itemListElement":[{"@type":"ListItem","position":1,"name":"Portada","item":"https:\/\/jmc.pe\/camiones\/"},{"@type":"ListItem","position":2,"name":"Modelos","item":"https:\/\/jmc.pe\/camiones\/modelos\/"},{"@type":"ListItem","position":3,"name":"CONQUER 6.0"}]},{"@type":"WebSite","@id":"https:\/\/jmc.pe\/camiones\/#website","url":"https:\/\/jmc.pe\/camiones\/","name":"JMC Per\u00fa | Camiones","description":"El mejor aliado para tu negocio de transporte.","potentialAction":[{"@type":"SearchAction","target":{"@type":"EntryPoint","urlTemplate":"https:\/\/jmc.pe\/camiones\/?s={search_term_string}"},"query-input":{"@type":"PropertyValueSpecification","valueRequired":true,"valueName":"search_term_string"}}],"inLanguage":"es"}]}},"_links":{"self":[{"href":"https:\/\/jmc.pe\/camiones\/wp-json\/wp\/v2\/pages\/3854","targetHints":{"allow":["GET"]}}],"collection":[{"href":"https:\/\/jmc.pe\/camiones\/wp-json\/wp\/v2\/pages"}],"about":[{"href":"https:\/\/jmc.pe\/camiones\/wp-json\/wp\/v2\/types\/page"}],"author":[{"embeddable":true,"href":"https:\/\/jmc.pe\/camiones\/wp-json\/wp\/v2\/users\/2"}],"replies":[{"embeddable":true,"href":"https:\/\/jmc.pe\/camiones\/wp-json\/wp\/v2\/comments?post=3854"}],"version-history":[{"count":75,"href":"https:\/\/jmc.pe\/camiones\/wp-json\/wp\/v2\/pages\/3854\/revisions"}],"predecessor-version":[{"id":10205,"href":"https:\/\/jmc.pe\/camiones\/wp-json\/wp\/v2\/pages\/3854\/revisions\/10205"}],"up":[{"embeddable":true,"href":"https:\/\/jmc.pe\/camiones\/wp-json\/wp\/v2\/pages\/1696"}],"wp:featuredmedia":[{"embeddable":true,"href":"https:\/\/jmc.pe\/camiones\/wp-json\/wp\/v2\/media\/5914"}],"wp:attachment":[{"href":"https:\/\/jmc.pe\/camiones\/wp-json\/wp\/v2\/media?parent=3854"}],"curies":[{"name":"wp","href":"https:\/\/api.w.org\/{rel}","templated":true}]}}