{"id":3778,"date":"2023-02-03T15:47:04","date_gmt":"2023-02-03T20:47:04","guid":{"rendered":"http:\/\/jmc2.local\/camiones\/?page_id=3778"},"modified":"2026-04-10T17:29:07","modified_gmt":"2026-04-10T22:29:07","slug":"promociones","status":"publish","type":"page","link":"https:\/\/jmc.pe\/camiones\/promociones\/","title":{"rendered":"Promociones"},"content":{"rendered":"","protected":false},"excerpt":{"rendered":"","protected":false},"author":2,"featured_media":0,"parent":0,"menu_order":4,"comment_status":"closed","ping_status":"closed","template":"page-templates\/page-promociones.php","meta":{"_acf_changed":false,"inline_featured_image":false,"footnotes":""},"class_list":["post-3778","page","type-page","status-publish","hentry"],"acf":[],"yoast_head":"<!-- This site is optimized with the Yoast SEO Premium plugin v20.6 (Yoast SEO v26.2) - https:\/\/yoast.com\/wordpress\/plugins\/seo\/ -->\n<title>JMC Per\u00fa Camiones | Promociones<\/title>\n<meta name=\"description\" content=\"Promociones mensuales. Encuentre las promociones que JMC Per\u00fa tiene para usted todo el a\u00f1o, lleno de beneficios y descuentos en cada modelo.\" \/>\n<meta name=\"robots\" content=\"index, follow, max-snippet:-1, max-image-preview:large, max-video-preview:-1\" \/>\n<link rel=\"canonical\" href=\"https:\/\/jmc.pe\/camiones\/promociones\/\" \/>\n<meta property=\"og:locale\" content=\"es_ES\" \/>\n<meta property=\"og:type\" content=\"article\" \/>\n<meta property=\"og:title\" content=\"Promociones\" \/>\n<meta property=\"og:description\" content=\"Promociones mensuales. Encuentre las promociones que JMC Per\u00fa tiene para usted todo el a\u00f1o, lleno de beneficios y descuentos en cada modelo.\" \/>\n<meta property=\"og:url\" content=\"https:\/\/jmc.pe\/camiones\/promociones\/\" \/>\n<meta property=\"og:site_name\" content=\"JMC Per\u00fa\" \/>\n<meta property=\"article:publisher\" content=\"https:\/\/www.facebook.com\/JMCPeruOficial\/\" \/>\n<meta property=\"article:modified_time\" content=\"2026-04-10T22:29:07+00:00\" \/>\n<meta property=\"og:image\" content=\"https:\/\/jmc.pe\/camiones\/wp-content\/uploads\/2023\/03\/logo_camiones.jpg\" \/>\n\t<meta property=\"og:image:width\" content=\"1200\" \/>\n\t<meta property=\"og:image:height\" content=\"675\" \/>\n\t<meta property=\"og:image:type\" content=\"image\/jpeg\" \/>\n<meta name=\"twitter:card\" content=\"summary_large_image\" \/>\n<!-- \/ Yoast SEO Premium plugin. -->","yoast_head_json":{"title":"JMC Per\u00fa Camiones | Promociones","description":"Promociones mensuales. Encuentre las promociones que JMC Per\u00fa tiene para usted todo el a\u00f1o, lleno de beneficios y descuentos en cada modelo.","robots":{"index":"index","follow":"follow","max-snippet":"max-snippet:-1","max-image-preview":"max-image-preview:large","max-video-preview":"max-video-preview:-1"},"canonical":"https:\/\/jmc.pe\/camiones\/promociones\/","og_locale":"es_ES","og_type":"article","og_title":"Promociones","og_description":"Promociones mensuales. Encuentre las promociones que JMC Per\u00fa tiene para usted todo el a\u00f1o, lleno de beneficios y descuentos en cada modelo.","og_url":"https:\/\/jmc.pe\/camiones\/promociones\/","og_site_name":"JMC Per\u00fa","article_publisher":"https:\/\/www.facebook.com\/JMCPeruOficial\/","article_modified_time":"2026-04-10T22:29:07+00:00","og_image":[{"width":1200,"height":675,"url":"https:\/\/jmc.pe\/camiones\/wp-content\/uploads\/2023\/03\/logo_camiones.jpg","type":"image\/jpeg"}],"twitter_card":"summary_large_image","schema":{"@context":"https:\/\/schema.org","@graph":[{"@type":"WebPage","@id":"https:\/\/jmc.pe\/camiones\/promociones\/","url":"https:\/\/jmc.pe\/camiones\/promociones\/","name":"JMC Per\u00fa Camiones | Promociones","isPartOf":{"@id":"https:\/\/jmc.pe\/camiones\/#website"},"datePublished":"2023-02-03T20:47:04+00:00","dateModified":"2026-04-10T22:29:07+00:00","description":"Promociones mensuales. Encuentre las promociones que JMC Per\u00fa tiene para usted todo el a\u00f1o, lleno de beneficios y descuentos en cada modelo.","breadcrumb":{"@id":"https:\/\/jmc.pe\/camiones\/promociones\/#breadcrumb"},"inLanguage":"es","potentialAction":[{"@type":"ReadAction","target":["https:\/\/jmc.pe\/camiones\/promociones\/"]}]},{"@type":"BreadcrumbList","@id":"https:\/\/jmc.pe\/camiones\/promociones\/#breadcrumb","itemListElement":[{"@type":"ListItem","position":1,"name":"Portada","item":"https:\/\/jmc.pe\/camiones\/"},{"@type":"ListItem","position":2,"name":"Promociones"}]},{"@type":"WebSite","@id":"https:\/\/jmc.pe\/camiones\/#website","url":"https:\/\/jmc.pe\/camiones\/","name":"JMC Per\u00fa | Camiones","description":"El mejor aliado para tu negocio de transporte.","potentialAction":[{"@type":"SearchAction","target":{"@type":"EntryPoint","urlTemplate":"https:\/\/jmc.pe\/camiones\/?s={search_term_string}"},"query-input":{"@type":"PropertyValueSpecification","valueRequired":true,"valueName":"search_term_string"}}],"inLanguage":"es"}]}},"_links":{"self":[{"href":"https:\/\/jmc.pe\/camiones\/wp-json\/wp\/v2\/pages\/3778","targetHints":{"allow":["GET"]}}],"collection":[{"href":"https:\/\/jmc.pe\/camiones\/wp-json\/wp\/v2\/pages"}],"about":[{"href":"https:\/\/jmc.pe\/camiones\/wp-json\/wp\/v2\/types\/page"}],"author":[{"embeddable":true,"href":"https:\/\/jmc.pe\/camiones\/wp-json\/wp\/v2\/users\/2"}],"replies":[{"embeddable":true,"href":"https:\/\/jmc.pe\/camiones\/wp-json\/wp\/v2\/comments?post=3778"}],"version-history":[{"count":84,"href":"https:\/\/jmc.pe\/camiones\/wp-json\/wp\/v2\/pages\/3778\/revisions"}],"predecessor-version":[{"id":11719,"href":"https:\/\/jmc.pe\/camiones\/wp-json\/wp\/v2\/pages\/3778\/revisions\/11719"}],"wp:attachment":[{"href":"https:\/\/jmc.pe\/camiones\/wp-json\/wp\/v2\/media?parent=3778"}],"curies":[{"name":"wp","href":"https:\/\/api.w.org\/{rel}","templated":true}]}}