{"id":10488,"date":"2026-02-13T11:05:03","date_gmt":"2026-02-13T16:05:03","guid":{"rendered":"https:\/\/jmc.pe\/camiones\/?page_id=10488"},"modified":"2026-02-13T11:06:13","modified_gmt":"2026-02-13T16:06:13","slug":"autorizacion-de-uso-de-datos-personales","status":"publish","type":"page","link":"https:\/\/jmc.pe\/camiones\/autorizacion-de-uso-de-datos-personales\/","title":{"rendered":"Autorizaci\u00f3n de uso de datos personales"},"content":{"rendered":"\n<div class=\"wp-block-group\"><div class=\"wp-block-group__inner-container is-layout-constrained wp-block-group-is-layout-constrained\">\n<h2 class=\"wp-block-heading has-text-align-center title-legal-content\">Autorizaci\u00f3n de uso de datos personales<\/h2>\n\n\n\n<p class=\"has-text-align-left content-description-legal\">Los datos personales que nos facilite ser\u00e1n incorporados a nuestra Base de Datos \u201cClientes y Contactos\u201d (Registro N\u00b0 4228) de titularidad de la empresa Motor Mundo S.A.C., con domicilio en Av. Crist\u00f3bal de Peralta Norte N\u00b0 968, Santiago de Surco, Lima, cuyo encargado es nuestro Ejecutivo de Marketing Digital y CRM, debidamente registrada de acuerdo a la Ley N\u00b0 29733, Ley de Protecci\u00f3n de Datos Personales, con la finalidad de gestionar su agendamiento de atenci\u00f3n de servicios de postventa y\/o realizar la encuesta de satisfacci\u00f3n al cliente.&nbsp;<\/p>\n\n\n\n<p class=\"has-text-align-left content-description-legal\">Para dicho efecto los datos se almacenar\u00e1n, recopilar\u00e1n, registrar\u00e1n, organizar\u00e1n, conservar\u00e1n, usar\u00e1n y transferir\u00e1n a nivel nacional (Automotores Gildemeister Per\u00fa S.A.C., Maquinaria Nacional S.A.C. Per\u00fa, Concesionarios Autorizados de la Red &#8211;&nbsp;<a href=\"https:\/\/jmc.pe\/pasajeros\/red-de-atencion\/\">https:\/\/jmc.pe\/pasajeros\/red-de-atencion\/<\/a> y Socios Estrat\u00e9gicos &#8211; <a href=\"https:\/\/jmc.pe\/pasajeros\/socios-estrategicos\/\">https:\/\/jmc.pe\/pasajeros\/socios-estrategicos\/<\/a>) e internacional (Motor Mundo S.A.C contrata su infraestructura virtual seg\u00fan un modelo de \u201ccomputaci\u00f3n en nube\u201d a trav\u00e9s de un servidor web, el cual se encuentra ubicado en la ciudad de Tampa \/Florida \u2013 USA), con la finalidad de gestionar su agendamiento de atenci\u00f3n de servicios de postventa y\/o realizar la encuesta de satisfacci\u00f3n al cliente.&nbsp;<br>Usted tiene los derechos de informaci\u00f3n, acceso, rectificaci\u00f3n, cancelaci\u00f3n, oposici\u00f3n y tratamiento objetivo de Datos Personales. Para hacer uso de estos derechos deber\u00e1 comunicarse al siguiente correo electr\u00f3nico&nbsp;<strong><a href=\"mailto:protecciondedatospersonales@gildemeister.pe\">protecciondedatospersonales@gildemeister.pe<\/a>.<\/strong><br><\/p>\n\n\n\n<style>\r\n.title-legal-content {\r\nmargin-bottom: 40px;\r\n}\r\n.content-description-legal a {\r\ncolor: red !important;\r\n}\r\n<\/style>\n<\/div><\/div>\n","protected":false},"excerpt":{"rendered":"<p>Autorizaci\u00f3n de uso de datos personales Los datos personales que nos facilite ser\u00e1n incorporados a nuestra Base de Datos \u201cClientes y Contactos\u201d (Registro N\u00b0 4228) de titularidad de la empresa Motor Mundo S.A.C., con domicilio en Av. Crist\u00f3bal de Peralta Norte N\u00b0 968, Santiago de Surco, Lima, cuyo encargado es nuestro Ejecutivo de Marketing Digital [&hellip;]<\/p>\n","protected":false},"author":11,"featured_media":0,"parent":0,"menu_order":0,"comment_status":"closed","ping_status":"closed","template":"page-templates\/politicas-privacidad.php","meta":{"_acf_changed":false,"inline_featured_image":false,"footnotes":""},"class_list":["post-10488","page","type-page","status-publish","hentry"],"acf":[],"yoast_head":"<!-- This site is optimized with the Yoast SEO Premium plugin v20.6 (Yoast SEO v26.2) - https:\/\/yoast.com\/wordpress\/plugins\/seo\/ -->\n<title>Autorizaci\u00f3n de uso de datos personales | JMC Per\u00fa<\/title>\n<meta name=\"robots\" content=\"index, follow, max-snippet:-1, max-image-preview:large, max-video-preview:-1\" \/>\n<link rel=\"canonical\" href=\"https:\/\/jmc.pe\/camiones\/autorizacion-de-uso-de-datos-personales\/\" \/>\n<meta property=\"og:locale\" content=\"es_ES\" \/>\n<meta property=\"og:type\" content=\"article\" \/>\n<meta property=\"og:title\" content=\"Autorizaci\u00f3n de uso de datos personales\" \/>\n<meta property=\"og:description\" content=\"Autorizaci\u00f3n de uso de datos personales Los datos personales que nos facilite ser\u00e1n incorporados a nuestra Base de Datos \u201cClientes y Contactos\u201d (Registro N\u00b0 4228) de titularidad de la empresa Motor Mundo S.A.C., con domicilio en Av. Crist\u00f3bal de Peralta Norte N\u00b0 968, Santiago de Surco, Lima, cuyo encargado es nuestro Ejecutivo de Marketing Digital [&hellip;]\" \/>\n<meta property=\"og:url\" content=\"https:\/\/jmc.pe\/camiones\/autorizacion-de-uso-de-datos-personales\/\" \/>\n<meta property=\"og:site_name\" content=\"JMC Per\u00fa\" \/>\n<meta property=\"article:publisher\" content=\"https:\/\/www.facebook.com\/JMCPeruOficial\/\" \/>\n<meta property=\"article:modified_time\" content=\"2026-02-13T16:06:13+00:00\" \/>\n<meta property=\"og:image\" content=\"https:\/\/jmc.pe\/camiones\/wp-content\/uploads\/2023\/03\/logo_camiones.jpg\" \/>\n\t<meta property=\"og:image:width\" content=\"1200\" \/>\n\t<meta property=\"og:image:height\" content=\"675\" \/>\n\t<meta property=\"og:image:type\" content=\"image\/jpeg\" \/>\n<meta name=\"twitter:card\" content=\"summary_large_image\" \/>\n<meta name=\"twitter:label1\" content=\"Tiempo de lectura\" \/>\n\t<meta name=\"twitter:data1\" content=\"1 minuto\" \/>\n<!-- \/ Yoast SEO Premium plugin. -->","yoast_head_json":{"title":"Autorizaci\u00f3n de uso de datos personales | JMC Per\u00fa","robots":{"index":"index","follow":"follow","max-snippet":"max-snippet:-1","max-image-preview":"max-image-preview:large","max-video-preview":"max-video-preview:-1"},"canonical":"https:\/\/jmc.pe\/camiones\/autorizacion-de-uso-de-datos-personales\/","og_locale":"es_ES","og_type":"article","og_title":"Autorizaci\u00f3n de uso de datos personales","og_description":"Autorizaci\u00f3n de uso de datos personales Los datos personales que nos facilite ser\u00e1n incorporados a nuestra Base de Datos \u201cClientes y Contactos\u201d (Registro N\u00b0 4228) de titularidad de la empresa Motor Mundo S.A.C., con domicilio en Av. Crist\u00f3bal de Peralta Norte N\u00b0 968, Santiago de Surco, Lima, cuyo encargado es nuestro Ejecutivo de Marketing Digital [&hellip;]","og_url":"https:\/\/jmc.pe\/camiones\/autorizacion-de-uso-de-datos-personales\/","og_site_name":"JMC Per\u00fa","article_publisher":"https:\/\/www.facebook.com\/JMCPeruOficial\/","article_modified_time":"2026-02-13T16:06:13+00:00","og_image":[{"width":1200,"height":675,"url":"https:\/\/jmc.pe\/camiones\/wp-content\/uploads\/2023\/03\/logo_camiones.jpg","type":"image\/jpeg"}],"twitter_card":"summary_large_image","twitter_misc":{"Tiempo de lectura":"1 minuto"},"schema":{"@context":"https:\/\/schema.org","@graph":[{"@type":"WebPage","@id":"https:\/\/jmc.pe\/camiones\/autorizacion-de-uso-de-datos-personales\/","url":"https:\/\/jmc.pe\/camiones\/autorizacion-de-uso-de-datos-personales\/","name":"Autorizaci\u00f3n de uso de datos personales | JMC Per\u00fa","isPartOf":{"@id":"https:\/\/jmc.pe\/camiones\/#website"},"datePublished":"2026-02-13T16:05:03+00:00","dateModified":"2026-02-13T16:06:13+00:00","breadcrumb":{"@id":"https:\/\/jmc.pe\/camiones\/autorizacion-de-uso-de-datos-personales\/#breadcrumb"},"inLanguage":"es","potentialAction":[{"@type":"ReadAction","target":["https:\/\/jmc.pe\/camiones\/autorizacion-de-uso-de-datos-personales\/"]}]},{"@type":"BreadcrumbList","@id":"https:\/\/jmc.pe\/camiones\/autorizacion-de-uso-de-datos-personales\/#breadcrumb","itemListElement":[{"@type":"ListItem","position":1,"name":"Portada","item":"https:\/\/jmc.pe\/camiones\/"},{"@type":"ListItem","position":2,"name":"Autorizaci\u00f3n de uso de datos personales"}]},{"@type":"WebSite","@id":"https:\/\/jmc.pe\/camiones\/#website","url":"https:\/\/jmc.pe\/camiones\/","name":"JMC Per\u00fa | Camiones","description":"El mejor aliado para tu negocio de transporte.","potentialAction":[{"@type":"SearchAction","target":{"@type":"EntryPoint","urlTemplate":"https:\/\/jmc.pe\/camiones\/?s={search_term_string}"},"query-input":{"@type":"PropertyValueSpecification","valueRequired":true,"valueName":"search_term_string"}}],"inLanguage":"es"}]}},"_links":{"self":[{"href":"https:\/\/jmc.pe\/camiones\/wp-json\/wp\/v2\/pages\/10488","targetHints":{"allow":["GET"]}}],"collection":[{"href":"https:\/\/jmc.pe\/camiones\/wp-json\/wp\/v2\/pages"}],"about":[{"href":"https:\/\/jmc.pe\/camiones\/wp-json\/wp\/v2\/types\/page"}],"author":[{"embeddable":true,"href":"https:\/\/jmc.pe\/camiones\/wp-json\/wp\/v2\/users\/11"}],"replies":[{"embeddable":true,"href":"https:\/\/jmc.pe\/camiones\/wp-json\/wp\/v2\/comments?post=10488"}],"version-history":[{"count":1,"href":"https:\/\/jmc.pe\/camiones\/wp-json\/wp\/v2\/pages\/10488\/revisions"}],"predecessor-version":[{"id":10489,"href":"https:\/\/jmc.pe\/camiones\/wp-json\/wp\/v2\/pages\/10488\/revisions\/10489"}],"wp:attachment":[{"href":"https:\/\/jmc.pe\/camiones\/wp-json\/wp\/v2\/media?parent=10488"}],"curies":[{"name":"wp","href":"https:\/\/api.w.org\/{rel}","templated":true}]}}