{"id":10487,"date":"2026-02-13T11:05:05","date_gmt":"2026-02-13T16:05:05","guid":{"rendered":"https:\/\/jmc.pe\/camiones\/?page_id=10487"},"modified":"2026-02-13T11:06:14","modified_gmt":"2026-02-13T16:06:14","slug":"autorizacion-de-uso-de-datos-personales-para-fines-comerciales-de-parte-de-jmc-pe","status":"publish","type":"page","link":"https:\/\/jmc.pe\/camiones\/autorizacion-de-uso-de-datos-personales-para-fines-comerciales-de-parte-de-jmc-pe\/","title":{"rendered":"Autorizaci\u00f3n de uso de datos personales para fines comerciales de parte de JMC.pe"},"content":{"rendered":"\n<div class=\"wp-block-group\"><div class=\"wp-block-group__inner-container is-layout-constrained wp-block-group-is-layout-constrained\">\n<h2 class=\"wp-block-heading has-text-align-center title-legal-content\">Autorizaci\u00f3n de uso de datos personales para fines comerciales de parte de JMC.pe<\/h2>\n\n\n\n<p class=\"has-text-align-left content-description-legal\">Adicionalmente, en cumplimiento de la Ley N\u00b0 29571, C\u00f3digo de Protecci\u00f3n y Defensa del Consumidor, y de la Ley N\u00b0 29733, Ley de Protecci\u00f3n de Datos Personales, Ud. Autoriza a las empresas del Grupo Gildemeister Per\u00fa (Automotores Gildemeister Per\u00fa SAC, Maquinaria Nacional SAC Per\u00fa, Motor Mundo SAC) de manera previa, expresa, inequ\u00edvoca, libre, informada, por el plazo de diez a\u00f1os luego de registrados sus datos, a tratar sus datos personales para el env\u00edo de cualquier tipo de informaci\u00f3n, incluyendo la referida a promociones, comunicaciones comerciales de sus productos, servicios y cualquier otra de su inter\u00e9s; as\u00ed como para la realizaci\u00f3n estudios de mercado sobre los productos o servicios JMC, a trav\u00e9s de comunicaciones a su domicilio, correo electr\u00f3nico, mensaje de texto, whatsapp, llamadas telef\u00f3nicas o cualquier otro medio de comunicaci\u00f3n realizadas por TELEATENTO DEL PER\u00da S.A.C. identificada con RUC N\u00b0 20414989277 (en un horario de lunes a viernes de 08:30 am hasta las 06:00 pm, s\u00e1bados de 08:00 am hasta las 06:00 pm y domingos y feriados de 09:00 am hasta las 06:00 pm); as\u00ed como a transferir sus datos a nivel nacional (Concesionario Autorizados de la Red &#8211;&nbsp;<a href=\"https:\/\/jmc.pe\/pasajeros\/red-de-atencion\/\">https:\/\/jmc.pe\/pasajeros\/red-de-atencion\/<\/a>, Socios Estrat\u00e9gicos &#8211;&nbsp;<a href=\"https:\/\/jmc.pe\/pasajeros\/socios-estrategicos\/\">https:\/\/jmc.pe\/pasajeros\/socios-estrategicos\/<\/a>), e internacional a Automotores Gildemeister S.A. (Chile), Jiangling Motors Co, LTD (Jiangxi &#8211; China), Facebook y Google (Atlanta &#8211; USA), Ingenier\u00eda de Software Fidelizador y Compa\u00f1\u00eda Limitada, (Santiago de Chile &#8211; Chile), para los fines indicados en este p\u00e1rrafo. <\/p>\n\n\n\n<p class=\"has-text-align-left content-description-legal\">Usted tiene los derechos de informaci\u00f3n, acceso, rectificaci\u00f3n, cancelaci\u00f3n, oposici\u00f3n y tratamiento objetivo de Datos Personales. Para hacer uso de estos derechos deber\u00e1 comunicarse al siguiente correo electr\u00f3nico&nbsp;<strong><a href=\"mailto:protecciondedatospersonales@gildemeister.pe\">protecciondedatospersonales@gildemeister.pe<\/a><\/strong><a href=\"about:blank\"><strong>.<\/strong><\/a>&nbsp;&nbsp;<br><strong><br><\/strong><\/p>\n\n\n\n<style>\r\n.title-legal-content {\r\nmargin-bottom: 40px;\r\n}\r\n.content-description-legal a {\r\ncolor: red !important;\r\n}\r\n<\/style>\n<\/div><\/div>\n","protected":false},"excerpt":{"rendered":"<p>Autorizaci\u00f3n de uso de datos personales para fines comerciales de parte de JMC.pe Adicionalmente, en cumplimiento de la Ley N\u00b0 29571, C\u00f3digo de Protecci\u00f3n y Defensa del Consumidor, y de la Ley N\u00b0 29733, Ley de Protecci\u00f3n de Datos Personales, Ud. Autoriza a las empresas del Grupo Gildemeister Per\u00fa (Automotores Gildemeister Per\u00fa SAC, Maquinaria Nacional [&hellip;]<\/p>\n","protected":false},"author":11,"featured_media":0,"parent":0,"menu_order":0,"comment_status":"closed","ping_status":"closed","template":"page-templates\/politicas-privacidad.php","meta":{"_acf_changed":false,"inline_featured_image":false,"footnotes":""},"class_list":["post-10487","page","type-page","status-publish","hentry"],"acf":[],"yoast_head":"<!-- This site is optimized with the Yoast SEO Premium plugin v20.6 (Yoast SEO v26.2) - https:\/\/yoast.com\/wordpress\/plugins\/seo\/ -->\n<title>Autorizaci\u00f3n de uso de datos personales para fines comerciales de parte de JMC.pe | JMC Per\u00fa<\/title>\n<meta name=\"robots\" content=\"index, follow, max-snippet:-1, max-image-preview:large, max-video-preview:-1\" \/>\n<link rel=\"canonical\" href=\"https:\/\/jmc.pe\/camiones\/autorizacion-de-uso-de-datos-personales-para-fines-comerciales-de-parte-de-jmc-pe\/\" \/>\n<meta property=\"og:locale\" content=\"es_ES\" \/>\n<meta property=\"og:type\" content=\"article\" \/>\n<meta property=\"og:title\" content=\"Autorizaci\u00f3n de uso de datos personales para fines comerciales de parte de JMC.pe\" \/>\n<meta property=\"og:description\" content=\"Autorizaci\u00f3n de uso de datos personales para fines comerciales de parte de JMC.pe Adicionalmente, en cumplimiento de la Ley N\u00b0 29571, C\u00f3digo de Protecci\u00f3n y Defensa del Consumidor, y de la Ley N\u00b0 29733, Ley de Protecci\u00f3n de Datos Personales, Ud. Autoriza a las empresas del Grupo Gildemeister Per\u00fa (Automotores Gildemeister Per\u00fa SAC, Maquinaria Nacional [&hellip;]\" \/>\n<meta property=\"og:url\" content=\"https:\/\/jmc.pe\/camiones\/autorizacion-de-uso-de-datos-personales-para-fines-comerciales-de-parte-de-jmc-pe\/\" \/>\n<meta property=\"og:site_name\" content=\"JMC Per\u00fa\" \/>\n<meta property=\"article:publisher\" content=\"https:\/\/www.facebook.com\/JMCPeruOficial\/\" \/>\n<meta property=\"article:modified_time\" content=\"2026-02-13T16:06:14+00:00\" \/>\n<meta property=\"og:image\" content=\"https:\/\/jmc.pe\/camiones\/wp-content\/uploads\/2023\/03\/logo_camiones.jpg\" \/>\n\t<meta property=\"og:image:width\" content=\"1200\" \/>\n\t<meta property=\"og:image:height\" content=\"675\" \/>\n\t<meta property=\"og:image:type\" content=\"image\/jpeg\" \/>\n<meta name=\"twitter:card\" content=\"summary_large_image\" \/>\n<meta name=\"twitter:label1\" content=\"Tiempo de lectura\" \/>\n\t<meta name=\"twitter:data1\" content=\"2 minutos\" \/>\n<!-- \/ Yoast SEO Premium plugin. -->","yoast_head_json":{"title":"Autorizaci\u00f3n de uso de datos personales para fines comerciales de parte de JMC.pe | JMC Per\u00fa","robots":{"index":"index","follow":"follow","max-snippet":"max-snippet:-1","max-image-preview":"max-image-preview:large","max-video-preview":"max-video-preview:-1"},"canonical":"https:\/\/jmc.pe\/camiones\/autorizacion-de-uso-de-datos-personales-para-fines-comerciales-de-parte-de-jmc-pe\/","og_locale":"es_ES","og_type":"article","og_title":"Autorizaci\u00f3n de uso de datos personales para fines comerciales de parte de JMC.pe","og_description":"Autorizaci\u00f3n de uso de datos personales para fines comerciales de parte de JMC.pe Adicionalmente, en cumplimiento de la Ley N\u00b0 29571, C\u00f3digo de Protecci\u00f3n y Defensa del Consumidor, y de la Ley N\u00b0 29733, Ley de Protecci\u00f3n de Datos Personales, Ud. Autoriza a las empresas del Grupo Gildemeister Per\u00fa (Automotores Gildemeister Per\u00fa SAC, Maquinaria Nacional [&hellip;]","og_url":"https:\/\/jmc.pe\/camiones\/autorizacion-de-uso-de-datos-personales-para-fines-comerciales-de-parte-de-jmc-pe\/","og_site_name":"JMC Per\u00fa","article_publisher":"https:\/\/www.facebook.com\/JMCPeruOficial\/","article_modified_time":"2026-02-13T16:06:14+00:00","og_image":[{"width":1200,"height":675,"url":"https:\/\/jmc.pe\/camiones\/wp-content\/uploads\/2023\/03\/logo_camiones.jpg","type":"image\/jpeg"}],"twitter_card":"summary_large_image","twitter_misc":{"Tiempo de lectura":"2 minutos"},"schema":{"@context":"https:\/\/schema.org","@graph":[{"@type":"WebPage","@id":"https:\/\/jmc.pe\/camiones\/autorizacion-de-uso-de-datos-personales-para-fines-comerciales-de-parte-de-jmc-pe\/","url":"https:\/\/jmc.pe\/camiones\/autorizacion-de-uso-de-datos-personales-para-fines-comerciales-de-parte-de-jmc-pe\/","name":"Autorizaci\u00f3n de uso de datos personales para fines comerciales de parte de JMC.pe | JMC Per\u00fa","isPartOf":{"@id":"https:\/\/jmc.pe\/camiones\/#website"},"datePublished":"2026-02-13T16:05:05+00:00","dateModified":"2026-02-13T16:06:14+00:00","breadcrumb":{"@id":"https:\/\/jmc.pe\/camiones\/autorizacion-de-uso-de-datos-personales-para-fines-comerciales-de-parte-de-jmc-pe\/#breadcrumb"},"inLanguage":"es","potentialAction":[{"@type":"ReadAction","target":["https:\/\/jmc.pe\/camiones\/autorizacion-de-uso-de-datos-personales-para-fines-comerciales-de-parte-de-jmc-pe\/"]}]},{"@type":"BreadcrumbList","@id":"https:\/\/jmc.pe\/camiones\/autorizacion-de-uso-de-datos-personales-para-fines-comerciales-de-parte-de-jmc-pe\/#breadcrumb","itemListElement":[{"@type":"ListItem","position":1,"name":"Portada","item":"https:\/\/jmc.pe\/camiones\/"},{"@type":"ListItem","position":2,"name":"Autorizaci\u00f3n de uso de datos personales para fines comerciales de parte de JMC.pe"}]},{"@type":"WebSite","@id":"https:\/\/jmc.pe\/camiones\/#website","url":"https:\/\/jmc.pe\/camiones\/","name":"JMC Per\u00fa | Camiones","description":"El mejor aliado para tu negocio de transporte.","potentialAction":[{"@type":"SearchAction","target":{"@type":"EntryPoint","urlTemplate":"https:\/\/jmc.pe\/camiones\/?s={search_term_string}"},"query-input":{"@type":"PropertyValueSpecification","valueRequired":true,"valueName":"search_term_string"}}],"inLanguage":"es"}]}},"_links":{"self":[{"href":"https:\/\/jmc.pe\/camiones\/wp-json\/wp\/v2\/pages\/10487","targetHints":{"allow":["GET"]}}],"collection":[{"href":"https:\/\/jmc.pe\/camiones\/wp-json\/wp\/v2\/pages"}],"about":[{"href":"https:\/\/jmc.pe\/camiones\/wp-json\/wp\/v2\/types\/page"}],"author":[{"embeddable":true,"href":"https:\/\/jmc.pe\/camiones\/wp-json\/wp\/v2\/users\/11"}],"replies":[{"embeddable":true,"href":"https:\/\/jmc.pe\/camiones\/wp-json\/wp\/v2\/comments?post=10487"}],"version-history":[{"count":1,"href":"https:\/\/jmc.pe\/camiones\/wp-json\/wp\/v2\/pages\/10487\/revisions"}],"predecessor-version":[{"id":10490,"href":"https:\/\/jmc.pe\/camiones\/wp-json\/wp\/v2\/pages\/10487\/revisions\/10490"}],"wp:attachment":[{"href":"https:\/\/jmc.pe\/camiones\/wp-json\/wp\/v2\/media?parent=10487"}],"curies":[{"name":"wp","href":"https:\/\/api.w.org\/{rel}","templated":true}]}}